{"id":14677,"date":"2015-10-22T03:26:46","date_gmt":"2015-10-22T01:26:46","guid":{"rendered":"https:\/\/www.eu-im-unterricht.de\/?page_id=14677"},"modified":"2024-05-21T11:08:02","modified_gmt":"2024-05-21T09:08:02","slug":"legal-notice","status":"publish","type":"page","link":"https:\/\/www.eu-im-unterricht.de\/en\/legal-notice\/","title":{"rendered":"Legal Notice"},"content":{"rendered":"\t\t<div data-elementor-type=\"wp-post\" data-elementor-id=\"14677\" class=\"elementor elementor-14677\">\n\t\t\t\t<div class=\"elementor-element elementor-element-7113530 e-flex e-con-boxed e-con e-parent\" data-id=\"7113530\" data-element_type=\"container\" data-e-type=\"container\">\n\t\t\t\t\t<div class=\"e-con-inner\">\n\t\t<div class=\"elementor-element elementor-element-d6bd4e4 e-con-full e-flex e-con e-child\" data-id=\"d6bd4e4\" data-element_type=\"container\" data-e-type=\"container\">\n\t\t\t\t<div class=\"elementor-element elementor-element-a59d086 elementor-widget elementor-widget-text-editor\" data-id=\"a59d086\" data-element_type=\"widget\" data-e-type=\"widget\" data-widget_type=\"text-editor.default\">\n\t\t\t\t<div class=\"elementor-widget-container\">\n\t\t\t\t\t\t\t\t\t<h2>Information provided according to Sec. 5 German Telemedia Act (TMG)<\/h2><p>EUROSOC#DIGITAL<br \/>gemeinn\u00fctzige Gesellschaft mbH<br \/>Feurigstra\u00dfe 54A<br \/>10827 Berlin<\/p><p>Represented by<br \/>Dr. Laszlo Kovats<br \/>Holger Haberstock<br \/>Mareike Meyer<br \/><br \/><\/p>\t\t\t\t\t\t\t\t<\/div>\n\t\t\t\t<\/div>\n\t\t\t\t<\/div>\n\t\t<div class=\"elementor-element elementor-element-85be3e4 e-con-full e-flex e-con e-child\" data-id=\"85be3e4\" data-element_type=\"container\" data-e-type=\"container\">\n\t\t<div class=\"elementor-element elementor-element-3a5fa2d e-flex e-con-boxed e-con e-child\" data-id=\"3a5fa2d\" data-element_type=\"container\" data-e-type=\"container\">\n\t\t\t\t\t<div class=\"e-con-inner\">\n\t\t\t\t<div class=\"elementor-element elementor-element-7628a09 elementor-widget elementor-widget-text-editor\" data-id=\"7628a09\" data-element_type=\"widget\" data-e-type=\"widget\" data-widget_type=\"text-editor.default\">\n\t\t\t\t<div class=\"elementor-widget-container\">\n\t\t\t\t\t\t\t\t\t<h2>Contact<\/h2><p>Phone: +49-30-2023-9615-0<br \/>Fax: +49-30-2023-9615-9<br \/>E-Mail: <a href=\"mailto:info@eurosoc-digital.org\">info@eurosoc-digital.org<\/a><\/p>\t\t\t\t\t\t\t\t<\/div>\n\t\t\t\t<\/div>\n\t\t\t\t\t<\/div>\n\t\t\t\t<\/div>\n\t\t<div class=\"elementor-element elementor-element-f715a69 e-flex e-con-boxed e-con e-child\" data-id=\"f715a69\" data-element_type=\"container\" data-e-type=\"container\">\n\t\t\t\t\t<div class=\"e-con-inner\">\n\t\t\t\t<div class=\"elementor-element elementor-element-704c0a6 elementor-widget elementor-widget-text-editor\" data-id=\"704c0a6\" data-element_type=\"widget\" data-e-type=\"widget\" data-widget_type=\"text-editor.default\">\n\t\t\t\t<div class=\"elementor-widget-container\">\n\t\t\t\t\t\t\t\t\t<h2>Register entry<\/h2><p>HRB 156757b<br \/>AG Berlin Charlottenburg<br \/>VAT: de 293554142<\/p><p>GLS Bank Bochum<br \/>IBAN DE90 4306 0967 1158 2923 00<br \/>BIC GENODEM1GLS<\/p>\t\t\t\t\t\t\t\t<\/div>\n\t\t\t\t<\/div>\n\t\t\t\t\t<\/div>\n\t\t\t\t<\/div>\n\t\t\t\t<\/div>\n\t\t\t\t\t<\/div>\n\t\t\t\t<\/div>\n\t\t<div class=\"elementor-element elementor-element-1154747 e-flex e-con-boxed e-con e-parent\" data-id=\"1154747\" data-element_type=\"container\" data-e-type=\"container\">\n\t\t\t\t\t<div class=\"e-con-inner\">\n\t\t\t\t<div class=\"elementor-element elementor-element-62fbb27 elementor-widget elementor-widget-text-editor\" data-id=\"62fbb27\" data-element_type=\"widget\" data-e-type=\"widget\" data-widget_type=\"text-editor.default\">\n\t\t\t\t<div class=\"elementor-widget-container\">\n\t\t\t\t\t\t\t\t\t<h2>Liability for Contents<\/h2><p>As service providers, we are liable for own contents of these websites according to Sec. 7, paragraph 1 German Telemedia Act (TMG). However, according to Sec. 8 to 10 German Telemedia Act (TMG), service providers are not obligated to permanently monitor submitted or stored information or to search for evidences that indicate illegal activities.<\/p><p>Legal obligations to removing information or to blocking the use of information remain unchallenged. In this case, liability is only possible at the time of knowledge about a specific violation of law. Illegal contents will be removed immediately at the time we get knowledge of them.<\/p><h2>Liability for Links<\/h2><p>Our offer includes links to external third party websites. We have no influence on the contents of those websites, therefore we cannot guarantee for those contents. Providers or administrators of linked websites are always responsible for their own contents.<\/p><p>The linked websites had been checked for possible violations of law at the time of the establishment of the link. Illegal contents were not detected at the time of the linking. A permanent monitoring of the contents of linked websites cannot be imposed without reasonable indications that there has been a violation of law. Illegal links will be removed immediately at the time we get knowledge of them.<\/p><h2>Copyright<\/h2><p>Contents and compilations published on these websites by the providers are subject to German copyright laws. Reproduction, editing, distribution as well as the use of any kind outside the scope of the copyright law require a written permission of the author or originator. Downloads and copies of these websites are permitted for private use only.<br \/>The commercial use of our contents without permission of the originator is prohibited.<\/p><p>Copyright laws of third parties are respected as long as the contents on these websites do not originate from the provider. Contributions of third parties on this site are indicated as such. However, if you notice any violations of copyright law, please inform us. Such contents will be removed immediately.<\/p>\t\t\t\t\t\t\t\t<\/div>\n\t\t\t\t<\/div>\n\t\t\t\t\t<\/div>\n\t\t\t\t<\/div>\n\t\t\t\t<\/div>\n\t\t","protected":false},"excerpt":{"rendered":"<p>Information provided according to Sec. 5 German Telemedia Act (TMG) EUROSOC#DIGITALgemeinn\u00fctzige Gesellschaft mbHFeurigstra\u00dfe 54A10827 Berlin Represented byDr. Laszlo KovatsHolger HaberstockMareike Meyer Contact Phone: +49-30-2023-9615-0Fax: +49-30-2023-9615-9E-Mail: info@eurosoc-digital.org Register entry HRB 156757bAG Berlin CharlottenburgVAT: de 293554142 GLS Bank BochumIBAN DE90 4306 0967 &hellip; <\/p>\n","protected":false},"author":1,"featured_media":0,"parent":0,"menu_order":0,"comment_status":"closed","ping_status":"closed","template":"","meta":{"footnotes":""},"class_list":["post-14677","page","type-page","status-publish","hentry"],"yoast_head":"<!-- This site is optimized with the Yoast SEO plugin v27.3 - https:\/\/yoast.com\/product\/yoast-seo-wordpress\/ -->\n<title>Legal Notice - EU im Unterricht<\/title>\n<meta name=\"robots\" content=\"index, follow, max-snippet:-1, max-image-preview:large, max-video-preview:-1\" \/>\n<link rel=\"canonical\" href=\"https:\/\/www.eu-im-unterricht.de\/impressum\/\" \/>\n<meta property=\"og:locale\" content=\"en_US\" \/>\n<meta property=\"og:type\" content=\"article\" \/>\n<meta property=\"og:title\" content=\"Legal Notice - EU im Unterricht\" \/>\n<meta property=\"og:description\" content=\"Information provided according to Sec. 5 German Telemedia Act (TMG) EUROSOC#DIGITALgemeinn\u00fctzige Gesellschaft mbHFeurigstra\u00dfe 54A10827 Berlin Represented byDr. Laszlo KovatsHolger HaberstockMareike Meyer Contact Phone: +49-30-2023-9615-0Fax: +49-30-2023-9615-9E-Mail: info@eurosoc-digital.org Register entry HRB 156757bAG Berlin CharlottenburgVAT: de 293554142 GLS Bank BochumIBAN DE90 4306 0967 &hellip;\" \/>\n<meta property=\"og:url\" content=\"https:\/\/www.eu-im-unterricht.de\/impressum\/\" \/>\n<meta property=\"og:site_name\" content=\"EU im Unterricht\" \/>\n<meta property=\"article:modified_time\" content=\"2024-05-21T09:08:02+00:00\" \/>\n<meta property=\"og:image\" content=\"https:\/\/www.eu-im-unterricht.de\/wp-content\/uploads\/2024\/03\/Foto-von-Lukas-S-auf-Unsplash-scaled.jpg\" \/>\n\t<meta property=\"og:image:width\" content=\"2560\" \/>\n\t<meta property=\"og:image:height\" content=\"1113\" \/>\n\t<meta property=\"og:image:type\" content=\"image\/jpeg\" \/>\n<meta name=\"twitter:card\" content=\"summary_large_image\" \/>\n<meta name=\"twitter:label1\" content=\"Est. reading time\" \/>\n\t<meta name=\"twitter:data1\" content=\"2 minutes\" \/>\n<script type=\"application\/ld+json\" class=\"yoast-schema-graph\">{\"@context\":\"https:\\\/\\\/schema.org\",\"@graph\":[{\"@type\":\"WebPage\",\"@id\":\"https:\\\/\\\/www.eu-im-unterricht.de\\\/impressum\\\/\",\"url\":\"https:\\\/\\\/www.eu-im-unterricht.de\\\/impressum\\\/\",\"name\":\"Legal Notice - EU im Unterricht\",\"isPartOf\":{\"@id\":\"https:\\\/\\\/www.eu-im-unterricht.de\\\/en\\\/#website\"},\"datePublished\":\"2015-10-22T01:26:46+00:00\",\"dateModified\":\"2024-05-21T09:08:02+00:00\",\"breadcrumb\":{\"@id\":\"https:\\\/\\\/www.eu-im-unterricht.de\\\/impressum\\\/#breadcrumb\"},\"inLanguage\":\"en-US\",\"potentialAction\":[{\"@type\":\"ReadAction\",\"target\":[\"https:\\\/\\\/www.eu-im-unterricht.de\\\/impressum\\\/\"]}]},{\"@type\":\"BreadcrumbList\",\"@id\":\"https:\\\/\\\/www.eu-im-unterricht.de\\\/impressum\\\/#breadcrumb\",\"itemListElement\":[{\"@type\":\"ListItem\",\"position\":1,\"name\":\"Startseite\",\"item\":\"https:\\\/\\\/www.eu-im-unterricht.de\\\/en\\\/\"},{\"@type\":\"ListItem\",\"position\":2,\"name\":\"Legal Notice\"}]},{\"@type\":\"WebSite\",\"@id\":\"https:\\\/\\\/www.eu-im-unterricht.de\\\/en\\\/#website\",\"url\":\"https:\\\/\\\/www.eu-im-unterricht.de\\\/en\\\/\",\"name\":\"EU im Unterricht\",\"description\":\"Eine umfassende Sammlung von Unterrichtsmaterialien zur Europ\u00e4ischen Union f\u00fcr Lehrkr\u00e4fte\",\"publisher\":{\"@id\":\"https:\\\/\\\/www.eu-im-unterricht.de\\\/en\\\/#organization\"},\"potentialAction\":[{\"@type\":\"SearchAction\",\"target\":{\"@type\":\"EntryPoint\",\"urlTemplate\":\"https:\\\/\\\/www.eu-im-unterricht.de\\\/en\\\/?s={search_term_string}\"},\"query-input\":{\"@type\":\"PropertyValueSpecification\",\"valueRequired\":true,\"valueName\":\"search_term_string\"}}],\"inLanguage\":\"en-US\"},{\"@type\":\"Organization\",\"@id\":\"https:\\\/\\\/www.eu-im-unterricht.de\\\/en\\\/#organization\",\"name\":\"EU im Unterricht\",\"url\":\"https:\\\/\\\/www.eu-im-unterricht.de\\\/en\\\/\",\"logo\":{\"@type\":\"ImageObject\",\"inLanguage\":\"en-US\",\"@id\":\"https:\\\/\\\/www.eu-im-unterricht.de\\\/en\\\/#\\\/schema\\\/logo\\\/image\\\/\",\"url\":\"https:\\\/\\\/www.eu-im-unterricht.de\\\/wp-content\\\/uploads\\\/2024\\\/03\\\/EU-im-Unterricht-Logo_S.png\",\"contentUrl\":\"https:\\\/\\\/www.eu-im-unterricht.de\\\/wp-content\\\/uploads\\\/2024\\\/03\\\/EU-im-Unterricht-Logo_S.png\",\"width\":1548,\"height\":672,\"caption\":\"EU im Unterricht\"},\"image\":{\"@id\":\"https:\\\/\\\/www.eu-im-unterricht.de\\\/en\\\/#\\\/schema\\\/logo\\\/image\\\/\"}}]}<\/script>\n<!-- \/ Yoast SEO plugin. -->","yoast_head_json":{"title":"Legal Notice - EU im Unterricht","robots":{"index":"index","follow":"follow","max-snippet":"max-snippet:-1","max-image-preview":"max-image-preview:large","max-video-preview":"max-video-preview:-1"},"canonical":"https:\/\/www.eu-im-unterricht.de\/impressum\/","og_locale":"en_US","og_type":"article","og_title":"Legal Notice - EU im Unterricht","og_description":"Information provided according to Sec. 5 German Telemedia Act (TMG) EUROSOC#DIGITALgemeinn\u00fctzige Gesellschaft mbHFeurigstra\u00dfe 54A10827 Berlin Represented byDr. Laszlo KovatsHolger HaberstockMareike Meyer Contact Phone: +49-30-2023-9615-0Fax: +49-30-2023-9615-9E-Mail: info@eurosoc-digital.org Register entry HRB 156757bAG Berlin CharlottenburgVAT: de 293554142 GLS Bank BochumIBAN DE90 4306 0967 &hellip;","og_url":"https:\/\/www.eu-im-unterricht.de\/impressum\/","og_site_name":"EU im Unterricht","article_modified_time":"2024-05-21T09:08:02+00:00","og_image":[{"width":2560,"height":1113,"url":"https:\/\/www.eu-im-unterricht.de\/wp-content\/uploads\/2024\/03\/Foto-von-Lukas-S-auf-Unsplash-scaled.jpg","type":"image\/jpeg"}],"twitter_card":"summary_large_image","twitter_misc":{"Est. reading time":"2 minutes"},"schema":{"@context":"https:\/\/schema.org","@graph":[{"@type":"WebPage","@id":"https:\/\/www.eu-im-unterricht.de\/impressum\/","url":"https:\/\/www.eu-im-unterricht.de\/impressum\/","name":"Legal Notice - EU im Unterricht","isPartOf":{"@id":"https:\/\/www.eu-im-unterricht.de\/en\/#website"},"datePublished":"2015-10-22T01:26:46+00:00","dateModified":"2024-05-21T09:08:02+00:00","breadcrumb":{"@id":"https:\/\/www.eu-im-unterricht.de\/impressum\/#breadcrumb"},"inLanguage":"en-US","potentialAction":[{"@type":"ReadAction","target":["https:\/\/www.eu-im-unterricht.de\/impressum\/"]}]},{"@type":"BreadcrumbList","@id":"https:\/\/www.eu-im-unterricht.de\/impressum\/#breadcrumb","itemListElement":[{"@type":"ListItem","position":1,"name":"Startseite","item":"https:\/\/www.eu-im-unterricht.de\/en\/"},{"@type":"ListItem","position":2,"name":"Legal Notice"}]},{"@type":"WebSite","@id":"https:\/\/www.eu-im-unterricht.de\/en\/#website","url":"https:\/\/www.eu-im-unterricht.de\/en\/","name":"EU im Unterricht","description":"Eine umfassende Sammlung von Unterrichtsmaterialien zur Europ\u00e4ischen Union f\u00fcr Lehrkr\u00e4fte","publisher":{"@id":"https:\/\/www.eu-im-unterricht.de\/en\/#organization"},"potentialAction":[{"@type":"SearchAction","target":{"@type":"EntryPoint","urlTemplate":"https:\/\/www.eu-im-unterricht.de\/en\/?s={search_term_string}"},"query-input":{"@type":"PropertyValueSpecification","valueRequired":true,"valueName":"search_term_string"}}],"inLanguage":"en-US"},{"@type":"Organization","@id":"https:\/\/www.eu-im-unterricht.de\/en\/#organization","name":"EU im Unterricht","url":"https:\/\/www.eu-im-unterricht.de\/en\/","logo":{"@type":"ImageObject","inLanguage":"en-US","@id":"https:\/\/www.eu-im-unterricht.de\/en\/#\/schema\/logo\/image\/","url":"https:\/\/www.eu-im-unterricht.de\/wp-content\/uploads\/2024\/03\/EU-im-Unterricht-Logo_S.png","contentUrl":"https:\/\/www.eu-im-unterricht.de\/wp-content\/uploads\/2024\/03\/EU-im-Unterricht-Logo_S.png","width":1548,"height":672,"caption":"EU im Unterricht"},"image":{"@id":"https:\/\/www.eu-im-unterricht.de\/en\/#\/schema\/logo\/image\/"}}]}},"_links":{"self":[{"href":"https:\/\/www.eu-im-unterricht.de\/en\/wp-json\/wp\/v2\/pages\/14677","targetHints":{"allow":["GET"]}}],"collection":[{"href":"https:\/\/www.eu-im-unterricht.de\/en\/wp-json\/wp\/v2\/pages"}],"about":[{"href":"https:\/\/www.eu-im-unterricht.de\/en\/wp-json\/wp\/v2\/types\/page"}],"author":[{"embeddable":true,"href":"https:\/\/www.eu-im-unterricht.de\/en\/wp-json\/wp\/v2\/users\/1"}],"replies":[{"embeddable":true,"href":"https:\/\/www.eu-im-unterricht.de\/en\/wp-json\/wp\/v2\/comments?post=14677"}],"version-history":[{"count":13,"href":"https:\/\/www.eu-im-unterricht.de\/en\/wp-json\/wp\/v2\/pages\/14677\/revisions"}],"predecessor-version":[{"id":15018,"href":"https:\/\/www.eu-im-unterricht.de\/en\/wp-json\/wp\/v2\/pages\/14677\/revisions\/15018"}],"wp:attachment":[{"href":"https:\/\/www.eu-im-unterricht.de\/en\/wp-json\/wp\/v2\/media?parent=14677"}],"curies":[{"name":"wp","href":"https:\/\/api.w.org\/{rel}","templated":true}]}}