{"id":14625,"date":"2024-02-13T10:05:55","date_gmt":"2024-02-13T09:05:55","guid":{"rendered":"https:\/\/www.eu-im-unterricht.de\/?page_id=14625"},"modified":"2024-04-08T09:44:18","modified_gmt":"2024-04-08T07:44:18","slug":"all-lesson-plans","status":"publish","type":"page","link":"https:\/\/www.eu-im-unterricht.de\/en\/all-lesson-plans\/","title":{"rendered":"All Lesson Plans"},"content":{"rendered":"\n<?php the_content(); ?>\n","protected":false},"excerpt":{"rendered":"","protected":false},"author":1,"featured_media":0,"parent":0,"menu_order":0,"comment_status":"closed","ping_status":"closed","template":"","meta":{"footnotes":""},"class_list":["post-14625","page","type-page","status-publish","hentry"],"yoast_head":"<!-- This site is optimized with the Yoast SEO plugin v27.5 - https:\/\/yoast.com\/product\/yoast-seo-wordpress\/ -->\n<title>All Lesson Plans - EU im Unterricht<\/title>\n<meta name=\"robots\" content=\"index, follow, max-snippet:-1, max-image-preview:large, max-video-preview:-1\" \/>\n<link rel=\"canonical\" href=\"https:\/\/www.eu-im-unterricht.de\/en\/all-lesson-plans\/\" \/>\n<meta property=\"og:locale\" content=\"en_US\" \/>\n<meta property=\"og:type\" content=\"article\" \/>\n<meta property=\"og:title\" content=\"All Lesson Plans - EU im Unterricht\" \/>\n<meta property=\"og:url\" content=\"https:\/\/www.eu-im-unterricht.de\/en\/all-lesson-plans\/\" \/>\n<meta property=\"og:site_name\" content=\"EU im Unterricht\" \/>\n<meta property=\"article:modified_time\" content=\"2024-04-08T07:44:18+00:00\" \/>\n<meta property=\"og:image\" content=\"https:\/\/www.eu-im-unterricht.de\/wp-content\/uploads\/2024\/03\/Foto-von-Lukas-S-auf-Unsplash-scaled.jpg\" \/>\n\t<meta property=\"og:image:width\" content=\"2560\" \/>\n\t<meta property=\"og:image:height\" content=\"1113\" \/>\n\t<meta property=\"og:image:type\" content=\"image\/jpeg\" \/>\n<meta name=\"twitter:card\" content=\"summary_large_image\" \/>\n<script type=\"application\/ld+json\" class=\"yoast-schema-graph\">{\"@context\":\"https:\\\/\\\/schema.org\",\"@graph\":[{\"@type\":\"WebPage\",\"@id\":\"https:\\\/\\\/www.eu-im-unterricht.de\\\/en\\\/all-lesson-plans\\\/\",\"url\":\"https:\\\/\\\/www.eu-im-unterricht.de\\\/en\\\/all-lesson-plans\\\/\",\"name\":\"All Lesson Plans - EU im Unterricht\",\"isPartOf\":{\"@id\":\"https:\\\/\\\/www.eu-im-unterricht.de\\\/en\\\/#website\"},\"datePublished\":\"2024-02-13T09:05:55+00:00\",\"dateModified\":\"2024-04-08T07:44:18+00:00\",\"breadcrumb\":{\"@id\":\"https:\\\/\\\/www.eu-im-unterricht.de\\\/en\\\/all-lesson-plans\\\/#breadcrumb\"},\"inLanguage\":\"en-US\",\"potentialAction\":[{\"@type\":\"ReadAction\",\"target\":[\"https:\\\/\\\/www.eu-im-unterricht.de\\\/en\\\/all-lesson-plans\\\/\"]}]},{\"@type\":\"BreadcrumbList\",\"@id\":\"https:\\\/\\\/www.eu-im-unterricht.de\\\/en\\\/all-lesson-plans\\\/#breadcrumb\",\"itemListElement\":[{\"@type\":\"ListItem\",\"position\":1,\"name\":\"Startseite\",\"item\":\"https:\\\/\\\/www.eu-im-unterricht.de\\\/en\\\/\"},{\"@type\":\"ListItem\",\"position\":2,\"name\":\"All Lesson Plans\"}]},{\"@type\":\"WebSite\",\"@id\":\"https:\\\/\\\/www.eu-im-unterricht.de\\\/en\\\/#website\",\"url\":\"https:\\\/\\\/www.eu-im-unterricht.de\\\/en\\\/\",\"name\":\"EU im Unterricht\",\"description\":\"Eine umfassende Sammlung von Unterrichtsmaterialien zur Europ\u00e4ischen Union f\u00fcr Lehrkr\u00e4fte\",\"publisher\":{\"@id\":\"https:\\\/\\\/www.eu-im-unterricht.de\\\/en\\\/#organization\"},\"potentialAction\":[{\"@type\":\"SearchAction\",\"target\":{\"@type\":\"EntryPoint\",\"urlTemplate\":\"https:\\\/\\\/www.eu-im-unterricht.de\\\/en\\\/?s={search_term_string}\"},\"query-input\":{\"@type\":\"PropertyValueSpecification\",\"valueRequired\":true,\"valueName\":\"search_term_string\"}}],\"inLanguage\":\"en-US\"},{\"@type\":\"Organization\",\"@id\":\"https:\\\/\\\/www.eu-im-unterricht.de\\\/en\\\/#organization\",\"name\":\"EU im Unterricht\",\"url\":\"https:\\\/\\\/www.eu-im-unterricht.de\\\/en\\\/\",\"logo\":{\"@type\":\"ImageObject\",\"inLanguage\":\"en-US\",\"@id\":\"https:\\\/\\\/www.eu-im-unterricht.de\\\/en\\\/#\\\/schema\\\/logo\\\/image\\\/\",\"url\":\"https:\\\/\\\/www.eu-im-unterricht.de\\\/wp-content\\\/uploads\\\/2024\\\/03\\\/EU-im-Unterricht-Logo_S.png\",\"contentUrl\":\"https:\\\/\\\/www.eu-im-unterricht.de\\\/wp-content\\\/uploads\\\/2024\\\/03\\\/EU-im-Unterricht-Logo_S.png\",\"width\":1548,\"height\":672,\"caption\":\"EU im Unterricht\"},\"image\":{\"@id\":\"https:\\\/\\\/www.eu-im-unterricht.de\\\/en\\\/#\\\/schema\\\/logo\\\/image\\\/\"}}]}<\/script>\n<!-- \/ Yoast SEO plugin. -->","yoast_head_json":{"title":"All Lesson Plans - EU im Unterricht","robots":{"index":"index","follow":"follow","max-snippet":"max-snippet:-1","max-image-preview":"max-image-preview:large","max-video-preview":"max-video-preview:-1"},"canonical":"https:\/\/www.eu-im-unterricht.de\/en\/all-lesson-plans\/","og_locale":"en_US","og_type":"article","og_title":"All Lesson Plans - EU im Unterricht","og_url":"https:\/\/www.eu-im-unterricht.de\/en\/all-lesson-plans\/","og_site_name":"EU im Unterricht","article_modified_time":"2024-04-08T07:44:18+00:00","og_image":[{"width":2560,"height":1113,"url":"https:\/\/www.eu-im-unterricht.de\/wp-content\/uploads\/2024\/03\/Foto-von-Lukas-S-auf-Unsplash-scaled.jpg","type":"image\/jpeg"}],"twitter_card":"summary_large_image","schema":{"@context":"https:\/\/schema.org","@graph":[{"@type":"WebPage","@id":"https:\/\/www.eu-im-unterricht.de\/en\/all-lesson-plans\/","url":"https:\/\/www.eu-im-unterricht.de\/en\/all-lesson-plans\/","name":"All Lesson Plans - EU im Unterricht","isPartOf":{"@id":"https:\/\/www.eu-im-unterricht.de\/en\/#website"},"datePublished":"2024-02-13T09:05:55+00:00","dateModified":"2024-04-08T07:44:18+00:00","breadcrumb":{"@id":"https:\/\/www.eu-im-unterricht.de\/en\/all-lesson-plans\/#breadcrumb"},"inLanguage":"en-US","potentialAction":[{"@type":"ReadAction","target":["https:\/\/www.eu-im-unterricht.de\/en\/all-lesson-plans\/"]}]},{"@type":"BreadcrumbList","@id":"https:\/\/www.eu-im-unterricht.de\/en\/all-lesson-plans\/#breadcrumb","itemListElement":[{"@type":"ListItem","position":1,"name":"Startseite","item":"https:\/\/www.eu-im-unterricht.de\/en\/"},{"@type":"ListItem","position":2,"name":"All Lesson Plans"}]},{"@type":"WebSite","@id":"https:\/\/www.eu-im-unterricht.de\/en\/#website","url":"https:\/\/www.eu-im-unterricht.de\/en\/","name":"EU im Unterricht","description":"Eine umfassende Sammlung von Unterrichtsmaterialien zur Europ\u00e4ischen Union f\u00fcr Lehrkr\u00e4fte","publisher":{"@id":"https:\/\/www.eu-im-unterricht.de\/en\/#organization"},"potentialAction":[{"@type":"SearchAction","target":{"@type":"EntryPoint","urlTemplate":"https:\/\/www.eu-im-unterricht.de\/en\/?s={search_term_string}"},"query-input":{"@type":"PropertyValueSpecification","valueRequired":true,"valueName":"search_term_string"}}],"inLanguage":"en-US"},{"@type":"Organization","@id":"https:\/\/www.eu-im-unterricht.de\/en\/#organization","name":"EU im Unterricht","url":"https:\/\/www.eu-im-unterricht.de\/en\/","logo":{"@type":"ImageObject","inLanguage":"en-US","@id":"https:\/\/www.eu-im-unterricht.de\/en\/#\/schema\/logo\/image\/","url":"https:\/\/www.eu-im-unterricht.de\/wp-content\/uploads\/2024\/03\/EU-im-Unterricht-Logo_S.png","contentUrl":"https:\/\/www.eu-im-unterricht.de\/wp-content\/uploads\/2024\/03\/EU-im-Unterricht-Logo_S.png","width":1548,"height":672,"caption":"EU im Unterricht"},"image":{"@id":"https:\/\/www.eu-im-unterricht.de\/en\/#\/schema\/logo\/image\/"}}]}},"_links":{"self":[{"href":"https:\/\/www.eu-im-unterricht.de\/en\/wp-json\/wp\/v2\/pages\/14625","targetHints":{"allow":["GET"]}}],"collection":[{"href":"https:\/\/www.eu-im-unterricht.de\/en\/wp-json\/wp\/v2\/pages"}],"about":[{"href":"https:\/\/www.eu-im-unterricht.de\/en\/wp-json\/wp\/v2\/types\/page"}],"author":[{"embeddable":true,"href":"https:\/\/www.eu-im-unterricht.de\/en\/wp-json\/wp\/v2\/users\/1"}],"replies":[{"embeddable":true,"href":"https:\/\/www.eu-im-unterricht.de\/en\/wp-json\/wp\/v2\/comments?post=14625"}],"version-history":[{"count":4,"href":"https:\/\/www.eu-im-unterricht.de\/en\/wp-json\/wp\/v2\/pages\/14625\/revisions"}],"predecessor-version":[{"id":14646,"href":"https:\/\/www.eu-im-unterricht.de\/en\/wp-json\/wp\/v2\/pages\/14625\/revisions\/14646"}],"wp:attachment":[{"href":"https:\/\/www.eu-im-unterricht.de\/en\/wp-json\/wp\/v2\/media?parent=14625"}],"curies":[{"name":"wp","href":"https:\/\/api.w.org\/{rel}","templated":true}]}}