{"id":14295,"date":"2015-11-18T08:34:00","date_gmt":"2015-11-18T07:34:00","guid":{"rendered":"http:\/\/eu-im-unterricht.de\/?page_id=14295"},"modified":"2024-07-04T12:34:27","modified_gmt":"2024-07-04T10:34:27","slug":"about-us","status":"publish","type":"page","link":"https:\/\/www.eu-im-unterricht.de\/en\/about-us\/","title":{"rendered":"About Us"},"content":{"rendered":"\t\t<div data-elementor-type=\"wp-post\" data-elementor-id=\"14295\" class=\"elementor elementor-14295\">\n\t\t\t\t<div class=\"elementor-element elementor-element-16344aa e-flex e-con-boxed e-con e-parent\" data-id=\"16344aa\" data-element_type=\"container\" data-e-type=\"container\">\n\t\t\t\t\t<div class=\"e-con-inner\">\n\t\t<div class=\"elementor-element elementor-element-58b4754 e-con-full e-flex e-con e-child\" data-id=\"58b4754\" data-element_type=\"container\" data-e-type=\"container\">\n\t\t\t\t<\/div>\n\t\t<div class=\"elementor-element elementor-element-3053cef e-con-full e-flex e-con e-child\" data-id=\"3053cef\" data-element_type=\"container\" data-e-type=\"container\">\n\t\t\t\t<div class=\"elementor-element elementor-element-e156e51 elementor-widget elementor-widget-image\" data-id=\"e156e51\" data-element_type=\"widget\" data-e-type=\"widget\" data-widget_type=\"image.default\">\n\t\t\t\t<div class=\"elementor-widget-container\">\n\t\t\t\t\t\t\t\t\t\t\t\t\t\t\t<img fetchpriority=\"high\" decoding=\"async\" width=\"536\" height=\"204\" src=\"https:\/\/www.eu-im-unterricht.de\/wp-content\/uploads\/2024\/03\/EUROSOCDIGITAL-Logo-mittel-Kopie-e1711375868197.jpg\" class=\"attachment-large size-large wp-image-14145\" alt=\"\" srcset=\"https:\/\/www.eu-im-unterricht.de\/wp-content\/uploads\/2024\/03\/EUROSOCDIGITAL-Logo-mittel-Kopie-e1711375868197.jpg 536w, https:\/\/www.eu-im-unterricht.de\/wp-content\/uploads\/2024\/03\/EUROSOCDIGITAL-Logo-mittel-Kopie-e1711375868197-300x114.jpg 300w\" sizes=\"(max-width: 536px) 100vw, 536px\" \/>\t\t\t\t\t\t\t\t\t\t\t\t\t\t\t<\/div>\n\t\t\t\t<\/div>\n\t\t\t\t<\/div>\n\t\t<div class=\"elementor-element elementor-element-5cabdc6 e-con-full e-flex e-con e-child\" data-id=\"5cabdc6\" data-element_type=\"container\" data-e-type=\"container\">\n\t\t\t\t<\/div>\n\t\t\t\t\t<\/div>\n\t\t\t\t<\/div>\n\t\t<div class=\"elementor-element elementor-element-06f2d9c e-flex e-con-boxed e-con e-parent\" data-id=\"06f2d9c\" data-element_type=\"container\" data-e-type=\"container\">\n\t\t\t\t\t<div class=\"e-con-inner\">\n\t\t<div class=\"elementor-element elementor-element-a1ef3be e-con-full e-flex e-con e-child\" data-id=\"a1ef3be\" data-element_type=\"container\" data-e-type=\"container\">\n\t\t\t\t<\/div>\n\t\t<div class=\"elementor-element elementor-element-a6f1420 e-con-full e-flex e-con e-child\" data-id=\"a6f1420\" data-element_type=\"container\" data-e-type=\"container\">\n\t\t\t\t<div class=\"elementor-element elementor-element-ea70cf1 elementor-widget elementor-widget-text-editor\" data-id=\"ea70cf1\" data-element_type=\"widget\" data-e-type=\"widget\" data-widget_type=\"text-editor.default\">\n\t\t\t\t<div class=\"elementor-widget-container\">\n\t\t\t\t\t\t\t\t\t<p>EUROSOC#DIGITAL is an independent and non-profit company dedicated to political education. We develop teaching materials based on learner-centered methods that provide knowledge e.g. about the European Union and at the same time bring democratic processes to life. Our aim is to encourage young people to participate in shaping the society of tomorrow.<\/p><p>At EUROSOC#DIGITAL, we are dedicated to creating new educational formats, providing information and education on European topics and offering innovation advice to administrations. Our aim is to activate citizens to actively participate in the public political debate and for the European project. With our projects, events and services, we inform participants about the European idea and support them in understanding political contexts and recognizing the consequences of political and personal actions.<\/p><p>If you have any questions about our work, the exercises provided or suggestions and ideas, please contact us at <a href=\"mailto:info@eurosoc-digital.org\">info@eurosoc-digital.org<\/a>.<\/p><p>Further information can be found on our homepage:<br \/><a href=\"https:\/\/www.eurosoc-digital.org\" target=\"_blank\" rel=\"noopener\">www.eurosoc-digital.org<\/a><\/p>\t\t\t\t\t\t\t\t<\/div>\n\t\t\t\t<\/div>\n\t\t\t\t<\/div>\n\t\t<div class=\"elementor-element elementor-element-bdb1557 e-con-full e-flex e-con e-child\" data-id=\"bdb1557\" data-element_type=\"container\" data-e-type=\"container\">\n\t\t\t\t<\/div>\n\t\t\t\t\t<\/div>\n\t\t\t\t<\/div>\n\t\t\t\t<\/div>\n\t\t","protected":false},"excerpt":{"rendered":"<p>EUROSOC#DIGITAL is an independent and non-profit company dedicated to political education. We develop teaching materials based on learner-centered methods that provide knowledge e.g. about the European Union and at the same time bring democratic processes to life. Our aim is &hellip; <\/p>\n","protected":false},"author":1,"featured_media":0,"parent":0,"menu_order":0,"comment_status":"closed","ping_status":"closed","template":"","meta":{"footnotes":""},"class_list":["post-14295","page","type-page","status-publish","hentry"],"yoast_head":"<!-- This site is optimized with the Yoast SEO plugin v27.5 - https:\/\/yoast.com\/product\/yoast-seo-wordpress\/ -->\n<title>About Us - EU im Unterricht<\/title>\n<meta name=\"robots\" content=\"index, follow, max-snippet:-1, max-image-preview:large, max-video-preview:-1\" \/>\n<link rel=\"canonical\" href=\"https:\/\/www.eu-im-unterricht.de\/en\/about-us\/\" \/>\n<meta property=\"og:locale\" content=\"en_US\" \/>\n<meta property=\"og:type\" content=\"article\" \/>\n<meta property=\"og:title\" content=\"About Us - EU im Unterricht\" \/>\n<meta property=\"og:description\" content=\"EUROSOC#DIGITAL is an independent and non-profit company dedicated to political education. We develop teaching materials based on learner-centered methods that provide knowledge e.g. about the European Union and at the same time bring democratic processes to life. Our aim is &hellip;\" \/>\n<meta property=\"og:url\" content=\"https:\/\/www.eu-im-unterricht.de\/en\/about-us\/\" \/>\n<meta property=\"og:site_name\" content=\"EU im Unterricht\" \/>\n<meta property=\"article:modified_time\" content=\"2024-07-04T10:34:27+00:00\" \/>\n<meta property=\"og:image\" content=\"https:\/\/www.eu-im-unterricht.de\/wp-content\/uploads\/2024\/03\/EUROSOCDIGITAL-Logo-mittel-Kopie-e1711375868197.jpg\" \/>\n<meta name=\"twitter:card\" content=\"summary_large_image\" \/>\n<meta name=\"twitter:label1\" content=\"Est. reading time\" \/>\n\t<meta name=\"twitter:data1\" content=\"1 minute\" \/>\n<script type=\"application\/ld+json\" class=\"yoast-schema-graph\">{\"@context\":\"https:\\\/\\\/schema.org\",\"@graph\":[{\"@type\":\"WebPage\",\"@id\":\"https:\\\/\\\/www.eu-im-unterricht.de\\\/en\\\/about-us\\\/\",\"url\":\"https:\\\/\\\/www.eu-im-unterricht.de\\\/en\\\/about-us\\\/\",\"name\":\"About Us - EU im Unterricht\",\"isPartOf\":{\"@id\":\"https:\\\/\\\/www.eu-im-unterricht.de\\\/en\\\/#website\"},\"primaryImageOfPage\":{\"@id\":\"https:\\\/\\\/www.eu-im-unterricht.de\\\/en\\\/about-us\\\/#primaryimage\"},\"image\":{\"@id\":\"https:\\\/\\\/www.eu-im-unterricht.de\\\/en\\\/about-us\\\/#primaryimage\"},\"thumbnailUrl\":\"https:\\\/\\\/www.eu-im-unterricht.de\\\/wp-content\\\/uploads\\\/2024\\\/03\\\/EUROSOCDIGITAL-Logo-mittel-Kopie-e1711375868197.jpg\",\"datePublished\":\"2015-11-18T07:34:00+00:00\",\"dateModified\":\"2024-07-04T10:34:27+00:00\",\"breadcrumb\":{\"@id\":\"https:\\\/\\\/www.eu-im-unterricht.de\\\/en\\\/about-us\\\/#breadcrumb\"},\"inLanguage\":\"en-US\",\"potentialAction\":[{\"@type\":\"ReadAction\",\"target\":[\"https:\\\/\\\/www.eu-im-unterricht.de\\\/en\\\/about-us\\\/\"]}]},{\"@type\":\"ImageObject\",\"inLanguage\":\"en-US\",\"@id\":\"https:\\\/\\\/www.eu-im-unterricht.de\\\/en\\\/about-us\\\/#primaryimage\",\"url\":\"https:\\\/\\\/www.eu-im-unterricht.de\\\/wp-content\\\/uploads\\\/2024\\\/03\\\/EUROSOCDIGITAL-Logo-mittel-Kopie-e1711375868197.jpg\",\"contentUrl\":\"https:\\\/\\\/www.eu-im-unterricht.de\\\/wp-content\\\/uploads\\\/2024\\\/03\\\/EUROSOCDIGITAL-Logo-mittel-Kopie-e1711375868197.jpg\"},{\"@type\":\"BreadcrumbList\",\"@id\":\"https:\\\/\\\/www.eu-im-unterricht.de\\\/en\\\/about-us\\\/#breadcrumb\",\"itemListElement\":[{\"@type\":\"ListItem\",\"position\":1,\"name\":\"Startseite\",\"item\":\"https:\\\/\\\/www.eu-im-unterricht.de\\\/en\\\/\"},{\"@type\":\"ListItem\",\"position\":2,\"name\":\"About Us\"}]},{\"@type\":\"WebSite\",\"@id\":\"https:\\\/\\\/www.eu-im-unterricht.de\\\/en\\\/#website\",\"url\":\"https:\\\/\\\/www.eu-im-unterricht.de\\\/en\\\/\",\"name\":\"EU im Unterricht\",\"description\":\"Eine umfassende Sammlung von Unterrichtsmaterialien zur Europ\u00e4ischen Union f\u00fcr Lehrkr\u00e4fte\",\"publisher\":{\"@id\":\"https:\\\/\\\/www.eu-im-unterricht.de\\\/en\\\/#organization\"},\"potentialAction\":[{\"@type\":\"SearchAction\",\"target\":{\"@type\":\"EntryPoint\",\"urlTemplate\":\"https:\\\/\\\/www.eu-im-unterricht.de\\\/en\\\/?s={search_term_string}\"},\"query-input\":{\"@type\":\"PropertyValueSpecification\",\"valueRequired\":true,\"valueName\":\"search_term_string\"}}],\"inLanguage\":\"en-US\"},{\"@type\":\"Organization\",\"@id\":\"https:\\\/\\\/www.eu-im-unterricht.de\\\/en\\\/#organization\",\"name\":\"EU im Unterricht\",\"url\":\"https:\\\/\\\/www.eu-im-unterricht.de\\\/en\\\/\",\"logo\":{\"@type\":\"ImageObject\",\"inLanguage\":\"en-US\",\"@id\":\"https:\\\/\\\/www.eu-im-unterricht.de\\\/en\\\/#\\\/schema\\\/logo\\\/image\\\/\",\"url\":\"https:\\\/\\\/www.eu-im-unterricht.de\\\/wp-content\\\/uploads\\\/2024\\\/03\\\/EU-im-Unterricht-Logo_S.png\",\"contentUrl\":\"https:\\\/\\\/www.eu-im-unterricht.de\\\/wp-content\\\/uploads\\\/2024\\\/03\\\/EU-im-Unterricht-Logo_S.png\",\"width\":1548,\"height\":672,\"caption\":\"EU im Unterricht\"},\"image\":{\"@id\":\"https:\\\/\\\/www.eu-im-unterricht.de\\\/en\\\/#\\\/schema\\\/logo\\\/image\\\/\"}}]}<\/script>\n<!-- \/ Yoast SEO plugin. -->","yoast_head_json":{"title":"About Us - EU im Unterricht","robots":{"index":"index","follow":"follow","max-snippet":"max-snippet:-1","max-image-preview":"max-image-preview:large","max-video-preview":"max-video-preview:-1"},"canonical":"https:\/\/www.eu-im-unterricht.de\/en\/about-us\/","og_locale":"en_US","og_type":"article","og_title":"About Us - EU im Unterricht","og_description":"EUROSOC#DIGITAL is an independent and non-profit company dedicated to political education. We develop teaching materials based on learner-centered methods that provide knowledge e.g. about the European Union and at the same time bring democratic processes to life. Our aim is &hellip;","og_url":"https:\/\/www.eu-im-unterricht.de\/en\/about-us\/","og_site_name":"EU im Unterricht","article_modified_time":"2024-07-04T10:34:27+00:00","og_image":[{"url":"https:\/\/www.eu-im-unterricht.de\/wp-content\/uploads\/2024\/03\/EUROSOCDIGITAL-Logo-mittel-Kopie-e1711375868197.jpg","type":"","width":"","height":""}],"twitter_card":"summary_large_image","twitter_misc":{"Est. reading time":"1 minute"},"schema":{"@context":"https:\/\/schema.org","@graph":[{"@type":"WebPage","@id":"https:\/\/www.eu-im-unterricht.de\/en\/about-us\/","url":"https:\/\/www.eu-im-unterricht.de\/en\/about-us\/","name":"About Us - EU im Unterricht","isPartOf":{"@id":"https:\/\/www.eu-im-unterricht.de\/en\/#website"},"primaryImageOfPage":{"@id":"https:\/\/www.eu-im-unterricht.de\/en\/about-us\/#primaryimage"},"image":{"@id":"https:\/\/www.eu-im-unterricht.de\/en\/about-us\/#primaryimage"},"thumbnailUrl":"https:\/\/www.eu-im-unterricht.de\/wp-content\/uploads\/2024\/03\/EUROSOCDIGITAL-Logo-mittel-Kopie-e1711375868197.jpg","datePublished":"2015-11-18T07:34:00+00:00","dateModified":"2024-07-04T10:34:27+00:00","breadcrumb":{"@id":"https:\/\/www.eu-im-unterricht.de\/en\/about-us\/#breadcrumb"},"inLanguage":"en-US","potentialAction":[{"@type":"ReadAction","target":["https:\/\/www.eu-im-unterricht.de\/en\/about-us\/"]}]},{"@type":"ImageObject","inLanguage":"en-US","@id":"https:\/\/www.eu-im-unterricht.de\/en\/about-us\/#primaryimage","url":"https:\/\/www.eu-im-unterricht.de\/wp-content\/uploads\/2024\/03\/EUROSOCDIGITAL-Logo-mittel-Kopie-e1711375868197.jpg","contentUrl":"https:\/\/www.eu-im-unterricht.de\/wp-content\/uploads\/2024\/03\/EUROSOCDIGITAL-Logo-mittel-Kopie-e1711375868197.jpg"},{"@type":"BreadcrumbList","@id":"https:\/\/www.eu-im-unterricht.de\/en\/about-us\/#breadcrumb","itemListElement":[{"@type":"ListItem","position":1,"name":"Startseite","item":"https:\/\/www.eu-im-unterricht.de\/en\/"},{"@type":"ListItem","position":2,"name":"About Us"}]},{"@type":"WebSite","@id":"https:\/\/www.eu-im-unterricht.de\/en\/#website","url":"https:\/\/www.eu-im-unterricht.de\/en\/","name":"EU im Unterricht","description":"Eine umfassende Sammlung von Unterrichtsmaterialien zur Europ\u00e4ischen Union f\u00fcr Lehrkr\u00e4fte","publisher":{"@id":"https:\/\/www.eu-im-unterricht.de\/en\/#organization"},"potentialAction":[{"@type":"SearchAction","target":{"@type":"EntryPoint","urlTemplate":"https:\/\/www.eu-im-unterricht.de\/en\/?s={search_term_string}"},"query-input":{"@type":"PropertyValueSpecification","valueRequired":true,"valueName":"search_term_string"}}],"inLanguage":"en-US"},{"@type":"Organization","@id":"https:\/\/www.eu-im-unterricht.de\/en\/#organization","name":"EU im Unterricht","url":"https:\/\/www.eu-im-unterricht.de\/en\/","logo":{"@type":"ImageObject","inLanguage":"en-US","@id":"https:\/\/www.eu-im-unterricht.de\/en\/#\/schema\/logo\/image\/","url":"https:\/\/www.eu-im-unterricht.de\/wp-content\/uploads\/2024\/03\/EU-im-Unterricht-Logo_S.png","contentUrl":"https:\/\/www.eu-im-unterricht.de\/wp-content\/uploads\/2024\/03\/EU-im-Unterricht-Logo_S.png","width":1548,"height":672,"caption":"EU im Unterricht"},"image":{"@id":"https:\/\/www.eu-im-unterricht.de\/en\/#\/schema\/logo\/image\/"}}]}},"_links":{"self":[{"href":"https:\/\/www.eu-im-unterricht.de\/en\/wp-json\/wp\/v2\/pages\/14295","targetHints":{"allow":["GET"]}}],"collection":[{"href":"https:\/\/www.eu-im-unterricht.de\/en\/wp-json\/wp\/v2\/pages"}],"about":[{"href":"https:\/\/www.eu-im-unterricht.de\/en\/wp-json\/wp\/v2\/types\/page"}],"author":[{"embeddable":true,"href":"https:\/\/www.eu-im-unterricht.de\/en\/wp-json\/wp\/v2\/users\/1"}],"replies":[{"embeddable":true,"href":"https:\/\/www.eu-im-unterricht.de\/en\/wp-json\/wp\/v2\/comments?post=14295"}],"version-history":[{"count":9,"href":"https:\/\/www.eu-im-unterricht.de\/en\/wp-json\/wp\/v2\/pages\/14295\/revisions"}],"predecessor-version":[{"id":15333,"href":"https:\/\/www.eu-im-unterricht.de\/en\/wp-json\/wp\/v2\/pages\/14295\/revisions\/15333"}],"wp:attachment":[{"href":"https:\/\/www.eu-im-unterricht.de\/en\/wp-json\/wp\/v2\/media?parent=14295"}],"curies":[{"name":"wp","href":"https:\/\/api.w.org\/{rel}","templated":true}]}}